{"id":90,"date":"2017-08-18T17:43:00","date_gmt":"2017-08-18T15:43:00","guid":{"rendered":"http:\/\/ecolesainteanne.bzh\/?page_id=90"},"modified":"2025-09-24T14:01:44","modified_gmt":"2025-09-24T12:01:44","slug":"projet-pedagogique-annee-2017-2018","status":"publish","type":"page","link":"https:\/\/ecolesainteanne.bzh\/index.php\/projet-pedagogique-annee-2017-2018\/","title":{"rendered":"Une ann\u00e9e \u00e0 l&rsquo;\u00e9cole Ste Anne&#8230;"},"content":{"rendered":"<h3><\/h3>\n<p>&nbsp;<\/p>\n<h3><\/h3>\n<h3 style=\"text-align: center;\"><span style=\"color: #333333;\">(cliquer pour t\u00e9l\u00e9charger)<\/span><\/h3>\n<h1 style=\"text-align: center;\"><span style=\"color: #008000;\"><strong><span style=\"color: #ff0000;\">&#8211; Projets et activit\u00e9s de l&rsquo;<a style=\"color: #ff0000;\" href=\"https:\/\/ecolesainteanne.bzh\/wp-content\/uploads\/2025\/09\/annee-2025-2026.pdf\">ann\u00e9e 2025 2026<\/a><\/span><\/strong><\/span><\/h1>\n<p>&nbsp;<\/p>\n<h1 style=\"text-align: center;\"><strong><span style=\"color: #008000;\"><a style=\"color: #008000;\" href=\"https:\/\/ecolesainteanne.bzh\/wp-content\/uploads\/2025\/09\/Projet-pedagogique-2025-2026-sante.pdf\">&#8211; Projet p\u00e9dagogique 2025 2026 sur la sant\u00e9<\/a>\u00a0<\/span><\/strong><\/h1>\n<h1 style=\"text-align: center;\"><\/h1>\n<p><img loading=\"lazy\" decoding=\"async\" class=\" wp-image-382 aligncenter\" src=\"https:\/\/ecolesainteanne.bzh\/wp-content\/uploads\/2017\/08\/friends-300x180.jpg\" alt=\"\" width=\"437\" height=\"262\" \/><\/p>\n<p>&nbsp;<\/p>\n<p>&nbsp;<\/p>\n<h1><span style=\"color: #000080;\"><em><strong>Dispositif de la Boite \u00e0 jouer !<\/strong><\/em><\/span><\/h1>\n<h2>Qu&rsquo;est-ce que le dispositif de la Boite \u00e0 jouer ??? Cliquer <a href=\"https:\/\/www.jouerpourvivre.org\/la-boite-a-jouer-clone3\/\"><span style=\"color: #ff6600;\">ici<\/span> <\/a>pour le savoir!<\/h2>\n<p>&nbsp;<\/p>\n<h4>L&rsquo;\u00e9quipe p\u00e9dagogique de l&rsquo;\u00e9cole s&rsquo;est form\u00e9e avec l&rsquo;association Jouer pour vivre en 2023\/2024 pour proposer ce dispositif \u00e0 l&rsquo;\u00e9cole.<\/h4>\n<div style=\"width: 1080px;\" class=\"wp-video\"><!--[if lt IE 9]><script>document.createElement('video');<\/script><![endif]-->\n<video class=\"wp-video-shortcode\" id=\"video-90-1\" width=\"1080\" height=\"1920\" preload=\"metadata\" controls=\"controls\"><source type=\"video\/mp4\" src=\"https:\/\/ecolesainteanne.bzh\/wp-content\/uploads\/2025\/02\/Boite-a-jouer-2.mp4?_=1\" \/><a href=\"https:\/\/ecolesainteanne.bzh\/wp-content\/uploads\/2025\/02\/Boite-a-jouer-2.mp4\">https:\/\/ecolesainteanne.bzh\/wp-content\/uploads\/2025\/02\/Boite-a-jouer-2.mp4<\/a><\/video><\/div>\n<div style=\"width: 272px;\" class=\"wp-video\"><video class=\"wp-video-shortcode\" id=\"video-90-2\" width=\"272\" height=\"480\" preload=\"metadata\" controls=\"controls\"><source type=\"video\/mp4\" src=\"https:\/\/ecolesainteanne.bzh\/wp-content\/uploads\/2025\/02\/WhatsApp-Video-2024-12-09-a-15.24.59_88bd39f0.mp4?_=2\" \/><a href=\"https:\/\/ecolesainteanne.bzh\/wp-content\/uploads\/2025\/02\/WhatsApp-Video-2024-12-09-a-15.24.59_88bd39f0.mp4\">https:\/\/ecolesainteanne.bzh\/wp-content\/uploads\/2025\/02\/WhatsApp-Video-2024-12-09-a-15.24.59_88bd39f0.mp4<\/a><\/video><\/div>\n","protected":false},"excerpt":{"rendered":"<p>&nbsp; (cliquer pour t\u00e9l\u00e9charger) &#8211; Projets et activit\u00e9s de l&rsquo;ann\u00e9e 2025 2026 &nbsp; &#8211; Projet p\u00e9dagogique 2025 2026 sur la sant\u00e9\u00a0 &nbsp; &nbsp; Dispositif de la Boite \u00e0 jouer ! [&hellip;]<\/p>\n","protected":false},"author":1,"featured_media":0,"parent":0,"menu_order":0,"comment_status":"closed","ping_status":"closed","template":"","meta":{"_et_pb_use_builder":"off","_et_pb_old_content":"","_et_gb_content_width":"","footnotes":""},"class_list":["post-90","page","type-page","status-publish","hentry"],"_links":{"self":[{"href":"https:\/\/ecolesainteanne.bzh\/index.php\/wp-json\/wp\/v2\/pages\/90","targetHints":{"allow":["GET"]}}],"collection":[{"href":"https:\/\/ecolesainteanne.bzh\/index.php\/wp-json\/wp\/v2\/pages"}],"about":[{"href":"https:\/\/ecolesainteanne.bzh\/index.php\/wp-json\/wp\/v2\/types\/page"}],"author":[{"embeddable":true,"href":"https:\/\/ecolesainteanne.bzh\/index.php\/wp-json\/wp\/v2\/users\/1"}],"replies":[{"embeddable":true,"href":"https:\/\/ecolesainteanne.bzh\/index.php\/wp-json\/wp\/v2\/comments?post=90"}],"version-history":[{"count":24,"href":"https:\/\/ecolesainteanne.bzh\/index.php\/wp-json\/wp\/v2\/pages\/90\/revisions"}],"predecessor-version":[{"id":1429,"href":"https:\/\/ecolesainteanne.bzh\/index.php\/wp-json\/wp\/v2\/pages\/90\/revisions\/1429"}],"wp:attachment":[{"href":"https:\/\/ecolesainteanne.bzh\/index.php\/wp-json\/wp\/v2\/media?parent=90"}],"curies":[{"name":"wp","href":"https:\/\/api.w.org\/{rel}","templated":true}]}}