{"id":87,"date":"2017-08-18T17:42:44","date_gmt":"2017-08-18T15:42:44","guid":{"rendered":"http:\/\/ecolesainteanne.bzh\/?page_id=87"},"modified":"2024-09-17T21:10:24","modified_gmt":"2024-09-17T19:10:24","slug":"projet-educatif","status":"publish","type":"page","link":"https:\/\/ecolesainteanne.bzh\/index.php\/projet-educatif\/","title":{"rendered":"Projet \u00e9ducatif"},"content":{"rendered":"<p>[et_pb_section fb_built=\u00a0\u00bb1&Prime; fullwidth=\u00a0\u00bbon\u00a0\u00bb _builder_version=\u00a0\u00bb4.16&Prime; global_colors_info=\u00a0\u00bb{}\u00a0\u00bb][et_pb_fullwidth_header title=\u00a0\u00bbProjet \u00e9ducatif \u00a0\u00bb content_max_width=\u00a0\u00bbnone\u00a0\u00bb title_font_color=\u00a0\u00bb#ffffff\u00a0\u00bb _builder_version=\u00a0\u00bb4.16&Prime; title_text_color=\u00a0\u00bb#ffffff\u00a0\u00bb background_color=\u00a0\u00bb#c1d860&Prime; background_layout=\u00a0\u00bblight\u00a0\u00bb button_one_letter_spacing_hover=\u00a0\u00bb0&Prime; button_two_letter_spacing_hover=\u00a0\u00bb0&Prime; global_colors_info=\u00a0\u00bb{}\u00a0\u00bb button_one_text_size__hover_enabled=\u00a0\u00bboff\u00a0\u00bb button_two_text_size__hover_enabled=\u00a0\u00bboff\u00a0\u00bb button_one_text_color__hover_enabled=\u00a0\u00bboff\u00a0\u00bb button_two_text_color__hover_enabled=\u00a0\u00bboff\u00a0\u00bb button_one_border_width__hover_enabled=\u00a0\u00bboff\u00a0\u00bb button_two_border_width__hover_enabled=\u00a0\u00bboff\u00a0\u00bb button_one_border_color__hover_enabled=\u00a0\u00bboff\u00a0\u00bb button_two_border_color__hover_enabled=\u00a0\u00bboff\u00a0\u00bb button_one_border_radius__hover_enabled=\u00a0\u00bboff\u00a0\u00bb button_two_border_radius__hover_enabled=\u00a0\u00bboff\u00a0\u00bb button_one_letter_spacing__hover_enabled=\u00a0\u00bbon\u00a0\u00bb button_one_letter_spacing__hover=\u00a0\u00bb0&Prime; button_two_letter_spacing__hover_enabled=\u00a0\u00bbon\u00a0\u00bb button_two_letter_spacing__hover=\u00a0\u00bb0&Prime; button_one_bg_color__hover_enabled=\u00a0\u00bboff\u00a0\u00bb button_two_bg_color__hover_enabled=\u00a0\u00bboff\u00a0\u00bb][\/et_pb_fullwidth_header][\/et_pb_section][et_pb_section fb_built=\u00a0\u00bb1&Prime; _builder_version=\u00a0\u00bb4.16&Prime; global_colors_info=\u00a0\u00bb{}\u00a0\u00bb][et_pb_row _builder_version=\u00a0\u00bb4.23.4&Prime; _module_preset=\u00a0\u00bbdefault\u00a0\u00bb global_colors_info=\u00a0\u00bb{}\u00a0\u00bb][et_pb_column type=\u00a0\u00bb4_4&Prime; _builder_version=\u00a0\u00bb4.23.4&Prime; _module_preset=\u00a0\u00bbdefault\u00a0\u00bb global_colors_info=\u00a0\u00bb{}\u00a0\u00bb][et_pb_text _builder_version=\u00a0\u00bb4.27.0&Prime; _module_preset=\u00a0\u00bbdefault\u00a0\u00bb hover_enabled=\u00a0\u00bb0&Prime; global_colors_info=\u00a0\u00bb{}\u00a0\u00bb sticky_enabled=\u00a0\u00bb0&Prime;]<\/p>\n<h1 style=\"text-align: center;\">T\u00e9l\u00e9charger <a href=\"https:\/\/ecolesainteanne.bzh\/wp-content\/uploads\/2024\/02\/Projet-educatifs-2023.pdf\" rel=\"attachment wp-att-1175\">Projet \u00e9ducatif 2024<\/a><\/h1>\n<p>[\/et_pb_text][\/et_pb_column][\/et_pb_row][et_pb_row column_structure=\u00a0\u00bb1_2,1_2&Prime; _builder_version=\u00a0\u00bb4.16&Prime; background_size=\u00a0\u00bbinitial\u00a0\u00bb background_position=\u00a0\u00bbtop_left\u00a0\u00bb background_repeat=\u00a0\u00bbrepeat\u00a0\u00bb global_colors_info=\u00a0\u00bb{}\u00a0\u00bb][et_pb_column type=\u00a0\u00bb1_2&Prime; _builder_version=\u00a0\u00bb4.16&Prime; custom_padding=\u00a0\u00bb|||\u00a0\u00bb global_colors_info=\u00a0\u00bb{}\u00a0\u00bb custom_padding__hover=\u00a0\u00bb|||\u00a0\u00bb][et_pb_text _builder_version=\u00a0\u00bb4.16&Prime; border_style=\u00a0\u00bbsolid\u00a0\u00bb global_colors_info=\u00a0\u00bb{}\u00a0\u00bb]<\/p>\n<p style=\"text-align: center;\"><em><strong>Ce projet \u00e9ducatif a \u00e9t\u00e9 r\u00e9dig\u00e9 suite \u00e0 un conseil d&rsquo;\u00e9tablissement et des r\u00e9unions de concertation afin que chaque acteur de la communaut\u00e9 \u00e9ducative participe \u00e0 son \u00e9laboration<\/strong><\/em><\/p>\n<p>[\/et_pb_text][et_pb_blurb title=\u00a0\u00bbfavoriser un climat d&rsquo;apprentissage                    pour chaque \u00e9l\u00e8ve\u00a0\u00bb image=\u00a0\u00bbhttps:\/\/ecolesainteanne.bzh\/wp-content\/uploads\/2017\/08\/courage.jpg\u00a0\u00bb image_icon_width=\u00a0\u00bbnone\u00a0\u00bb _builder_version=\u00a0\u00bb4.16&Prime; border_style=\u00a0\u00bbsolid\u00a0\u00bb image_max_width=\u00a0\u00bbnone\u00a0\u00bb use_circle=\u00a0\u00bboff\u00a0\u00bb use_circle_border=\u00a0\u00bboff\u00a0\u00bb global_colors_info=\u00a0\u00bb{}\u00a0\u00bb]- Nourrir l\u2019envie d\u2019apprendre<br \/>\n&#8211; Proposer de l\u2019entraide entre enfants<br \/>\n&#8211; Faire du multi-niveau un atout pour que chacun progresse \u00e0 son rythme<br \/>\n&#8211; Favoriser un climat d\u2019apprentissage\u00a0: lieux et supports adapt\u00e9s\u2026<br \/>\n&#8211; Valoriser les r\u00e9ussites des \u00e9l\u00e8ves<br \/>\n&#8211; Mettre en place des dispositifs d\u2019aide aux \u00e9l\u00e8ves \u00e0 besoins \u00e9ducatifs particuliers<br \/>\n[\/et_pb_blurb][et_pb_blurb title=\u00a0\u00bbVivre l\u2019identit\u00e9 de l\u2019Enseignement Catholique\u00a0\u00bb image=\u00a0\u00bbhttps:\/\/ecolesainteanne.bzh\/wp-content\/uploads\/2017\/08\/catho.png\u00a0\u00bb image_icon_width=\u00a0\u00bbnone\u00a0\u00bb _builder_version=\u00a0\u00bb4.16&Prime; border_style=\u00a0\u00bbsolid\u00a0\u00bb image_max_width=\u00a0\u00bbnone\u00a0\u00bb use_circle=\u00a0\u00bboff\u00a0\u00bb use_circle_border=\u00a0\u00bboff\u00a0\u00bb global_colors_info=\u00a0\u00bb{}\u00a0\u00bb]<\/p>\n<p>&#8211; Permettre une ouverture \u00e0 la religion et proposer la foi<br \/>&#8211; Respecter les choix de tous dans cet engagement<br \/>&#8211; C\u00e9l\u00e9brer les temps forts en communaut\u00e9 \u00e9ducative<br \/>&#8211; Renforcer le lien avec la paroisse et accompagner dans les sacrements<\/p>\n<p>&nbsp;<\/p>\n<p>&nbsp;<\/p>\n<p>&nbsp;<\/p>\n<p>&nbsp;<\/p>\n<p>&nbsp;<\/p>\n<p>[\/et_pb_blurb][et_pb_blurb title=\u00a0\u00bbproposer une ecoute nourrie par des          relations sociales\u00a0\u00bb image_icon_width=\u00a0\u00bbnone\u00a0\u00bb _builder_version=\u00a0\u00bb4.23.4&Prime; border_style=\u00a0\u00bbsolid\u00a0\u00bb image_max_width=\u00a0\u00bbnone\u00a0\u00bb use_circle=\u00a0\u00bboff\u00a0\u00bb use_circle_border=\u00a0\u00bboff\u00a0\u00bb global_colors_info=\u00a0\u00bb{}\u00a0\u00bb]<\/p>\n<p><strong>Par leur engagement dans le projet \u00e9ducatif, la communaut\u00e9 \u00e9ducative <\/strong><br \/><strong>partage des valeurs communes telles que le respect, la tol\u00e9rance, l\u2019\u00e9coute\u2026<\/strong><br \/><em>Equipe\/ parents<\/em><br \/>&#8211; Confiance mutuelle et partenariat<br \/>&#8211; Nombreux \u00e9changes (r\u00e9union de classe, entretiens individuels)<br \/><em>Parents\/parents<\/em><br \/>&#8211; Respect mutuel<br \/>&#8211; Entraide et convivialit\u00e9<br \/>&#8211; Soutien aux associations lors des manifestations\u2026<br \/><em>Equipe\/enfants<\/em><br \/>&#8211; Contrat moral sur les r\u00e8glements de l\u2019\u00e9cole<br \/>&#8211; Bienveillance, \u00e9coute, encouragements<br \/>&#8211; Confiance dans le potentiel de chacun<br \/>&#8211; Chaque intervenant aupr\u00e8s des enfants est pr\u00e9sent\u00e9 dans ses missions pr\u00e9cises et partag\u00e9es \u00e0 tous<br \/><em>Enfants\/enfants<\/em><br \/>&#8211; Apprendre \u00e0 vivre ensemble, coop\u00e9rer<br \/>&#8211; Respect des diff\u00e9rences<br \/>&#8211; D\u00e9velopper le sentiment d\u2019appartenance au groupe<\/p>\n<p>[\/et_pb_blurb][\/et_pb_column][et_pb_column type=\u00a0\u00bb1_2&Prime; _builder_version=\u00a0\u00bb4.16&Prime; custom_padding=\u00a0\u00bb|||\u00a0\u00bb global_colors_info=\u00a0\u00bb{}\u00a0\u00bb custom_padding__hover=\u00a0\u00bb|||\u00a0\u00bb][et_pb_blurb title=\u00a0\u00bbaider l&rsquo;enfant \u00e0 \u00eatre soi-m\u00eame au sein du groupe\u00a0\u00bb image=\u00a0\u00bbhttps:\/\/ecolesainteanne.bzh\/wp-content\/uploads\/2017\/08\/medal.png\u00a0\u00bb image_icon_width=\u00a0\u00bbnone\u00a0\u00bb _builder_version=\u00a0\u00bb4.16&Prime; border_style=\u00a0\u00bbsolid\u00a0\u00bb image_max_width=\u00a0\u00bbnone\u00a0\u00bb use_circle=\u00a0\u00bboff\u00a0\u00bb use_circle_border=\u00a0\u00bboff\u00a0\u00bb global_colors_info=\u00a0\u00bb{}\u00a0\u00bb]<strong>Chaque \u00e9l\u00e8ve apprend \u00e0 se conna\u00eetre et progresse<\/strong><br \/>\n&#8211; Apprendre \u00e0 se conna\u00eetre et exprimer ses besoins et ses \u00e9motions<br \/>\n&#8211; D\u00e9velopper la confiance en soi des enfants<br \/>\n&#8211; Avoir le droit de se tromper<\/p>\n<p><strong>Chaque \u00e9l\u00e8ve s\u2019adapte au groupe dans lequel il vit<\/strong><br \/>\n&#8211; Prise en compte des intelligences multiples<br \/>\n&#8211; Etre tol\u00e9rant et respecter les diff\u00e9rences<br \/>\n&#8211; Amener chacun vers l\u2019autre, d\u00e9velopper l\u2019empathie<\/p>\n<p><strong>Chacun partage des valeurs communes avec le groupe<\/strong><br \/>\n&#8211; Travail en classe pour d\u00e9velopper des comp\u00e9tences psycho-sociales<br \/>\n&#8211; Coop\u00e9ration dans l\u2019\u00e9cole et dans les classes<br \/>\n&#8211; Grandir ensemble<br \/>\n[\/et_pb_blurb][et_pb_blurb title=\u00a0\u00bbEtre un lieu de s\u00e9curit\u00e9, d&rsquo;\u00e9coute, de confiance\u00a0\u00bb image=\u00a0\u00bbhttps:\/\/ecolesainteanne.bzh\/wp-content\/uploads\/2017\/08\/friends.jpg\u00a0\u00bb image_icon_width=\u00a0\u00bbnone\u00a0\u00bb _builder_version=\u00a0\u00bb4.16&Prime; border_style=\u00a0\u00bbsolid\u00a0\u00bb image_max_width=\u00a0\u00bbnone\u00a0\u00bb use_circle=\u00a0\u00bboff\u00a0\u00bb use_circle_border=\u00a0\u00bboff\u00a0\u00bb global_colors_info=\u00a0\u00bb{}\u00a0\u00bb]<\/p>\n<p><strong>Un r\u00e8glement int\u00e9rieur pour fixer les r\u00e8gles pour tous<\/strong><br \/>&#8211; Contrat de scolarisation pour chaque famille<br \/>&#8211; R\u00e8glement int\u00e9rieur revu chaque ann\u00e9e et sign\u00e9 par chaque parent et enfant<br \/>&#8211; R\u00e8gles de vie expos\u00e9es aux enfants en d\u00e9but de chaque ann\u00e9e<\/p>\n<p><strong>Garantir l\u2019\u00e9coute des besoins de chacun<\/strong><br \/>&#8211; Les adultes \u00e9coutent les enfants qui expriment un mal-\u00eatre \u00e0 l\u2019\u00e9cole<br \/>&#8211; Les adultes ont confiance en chacun<\/p>\n<p><strong>Proposer une offre \u00e9ducative vivante et dans la joie<\/strong><br \/>&#8211; Les enfants ont plaisir \u00e0 venir \u00e0 l\u2019\u00e9cole<br \/>&#8211; Accueil chaleureux et convivialit\u00e9<\/p>\n<p>&nbsp;<\/p>\n<p>&nbsp;<\/p>\n<p>&nbsp;<\/p>\n<p>&nbsp;<\/p>\n<p>[\/et_pb_blurb][et_pb_blurb title=\u00a0\u00bbpr\u00e9parer les enfants  au monde de demain\u00a0\u00bb image_icon_width=\u00a0\u00bbnone\u00a0\u00bb _builder_version=\u00a0\u00bb4.16&Prime; border_style=\u00a0\u00bbsolid\u00a0\u00bb image_max_width=\u00a0\u00bbnone\u00a0\u00bb use_circle=\u00a0\u00bboff\u00a0\u00bb use_circle_border=\u00a0\u00bboff\u00a0\u00bb global_colors_info=\u00a0\u00bb{}\u00a0\u00bb]<\/p>\n<p><strong>Faire de l\u2019\u00e9cole un lieu d\u2019apprentissage des bonnes conduites environnementales<\/strong><br \/>&#8211; Potager, espaces verts<br \/>&#8211; Gestion des d\u00e9chets\u00a0: recyclage et compostage<\/p>\n<p><strong>Ouvrir sur le monde et pr\u00e9parer les enfants au monde de demain<\/strong><br \/>&#8211; Permettre une ouverture au monde \u00e0 travers les langues et les cultures d\u2019autres pays<br \/>&#8211; Apprentissage de la ma\u00eetrise des technologies de l\u2019information et de la communication<br \/>&#8211; Comprendre et ma\u00eetriser son environnement proche\u00a0: sorties \u00e0 l\u2019ext\u00e9rieur, partenariats\u2026<br \/>&#8211; Acqu\u00e9rir de l\u2019autonomie et du sens critique pour avoir ses propres opinions<br \/>&#8211; D\u00e9velopper la curiosit\u00e9, aller \u00e0 la rencontre de son environnement<\/p>\n<p>[\/et_pb_blurb][\/et_pb_column][\/et_pb_row][\/et_pb_section][et_pb_section fb_built=\u00a0\u00bb1&Prime; _builder_version=\u00a0\u00bb4.23.4&Prime; _module_preset=\u00a0\u00bbdefault\u00a0\u00bb global_colors_info=\u00a0\u00bb{}\u00a0\u00bb][et_pb_row _builder_version=\u00a0\u00bb4.23.4&Prime; _module_preset=\u00a0\u00bbdefault\u00a0\u00bb global_colors_info=\u00a0\u00bb{}\u00a0\u00bb][et_pb_column type=\u00a0\u00bb4_4&Prime; _builder_version=\u00a0\u00bb4.23.4&Prime; _module_preset=\u00a0\u00bbdefault\u00a0\u00bb global_colors_info=\u00a0\u00bb{}\u00a0\u00bb][et_pb_image src=\u00a0\u00bbhttps:\/\/ecolesainteanne.bzh\/wp-content\/uploads\/2024\/02\/eco-94&#215;300-1.png\u00a0\u00bb _builder_version=\u00a0\u00bb4.23.4&Prime; _module_preset=\u00a0\u00bbdefault\u00a0\u00bb global_colors_info=\u00a0\u00bb{}\u00a0\u00bb][\/et_pb_image][et_pb_image src=\u00a0\u00bbhttps:\/\/ecolesainteanne.bzh\/wp-content\/uploads\/2024\/02\/friends-300&#215;180-1.jpg\u00a0\u00bb _builder_version=\u00a0\u00bb4.23.4&Prime; _module_preset=\u00a0\u00bbdefault\u00a0\u00bb global_colors_info=\u00a0\u00bb{}\u00a0\u00bb][\/et_pb_image][\/et_pb_column][\/et_pb_row][\/et_pb_section][et_pb_section fb_built=\u00a0\u00bb1&Prime; _builder_version=\u00a0\u00bb4.23.4&Prime; _module_preset=\u00a0\u00bbdefault\u00a0\u00bb global_colors_info=\u00a0\u00bb{}\u00a0\u00bb][et_pb_row _builder_version=\u00a0\u00bb4.23.4&Prime; _module_preset=\u00a0\u00bbdefault\u00a0\u00bb global_colors_info=\u00a0\u00bb{}\u00a0\u00bb][et_pb_column type=\u00a0\u00bb4_4&Prime; _builder_version=\u00a0\u00bb4.23.4&Prime; _module_preset=\u00a0\u00bbdefault\u00a0\u00bb global_colors_info=\u00a0\u00bb{}\u00a0\u00bb][\/et_pb_column][\/et_pb_row][\/et_pb_section]<\/p>\n","protected":false},"excerpt":{"rendered":"<p>T\u00e9l\u00e9charger Projet \u00e9ducatif 2024Ce projet \u00e9ducatif a \u00e9t\u00e9 r\u00e9dig\u00e9 suite \u00e0 un conseil d&rsquo;\u00e9tablissement et des r\u00e9unions de concertation afin que chaque acteur de la communaut\u00e9 \u00e9ducative participe \u00e0 son [&hellip;]<\/p>\n","protected":false},"author":1,"featured_media":0,"parent":0,"menu_order":0,"comment_status":"closed","ping_status":"closed","template":"","meta":{"_et_pb_use_builder":"on","_et_pb_old_content":"","_et_gb_content_width":"","footnotes":""},"class_list":["post-87","page","type-page","status-publish","hentry"],"_links":{"self":[{"href":"https:\/\/ecolesainteanne.bzh\/index.php\/wp-json\/wp\/v2\/pages\/87","targetHints":{"allow":["GET"]}}],"collection":[{"href":"https:\/\/ecolesainteanne.bzh\/index.php\/wp-json\/wp\/v2\/pages"}],"about":[{"href":"https:\/\/ecolesainteanne.bzh\/index.php\/wp-json\/wp\/v2\/types\/page"}],"author":[{"embeddable":true,"href":"https:\/\/ecolesainteanne.bzh\/index.php\/wp-json\/wp\/v2\/users\/1"}],"replies":[{"embeddable":true,"href":"https:\/\/ecolesainteanne.bzh\/index.php\/wp-json\/wp\/v2\/comments?post=87"}],"version-history":[{"count":9,"href":"https:\/\/ecolesainteanne.bzh\/index.php\/wp-json\/wp\/v2\/pages\/87\/revisions"}],"predecessor-version":[{"id":1252,"href":"https:\/\/ecolesainteanne.bzh\/index.php\/wp-json\/wp\/v2\/pages\/87\/revisions\/1252"}],"wp:attachment":[{"href":"https:\/\/ecolesainteanne.bzh\/index.php\/wp-json\/wp\/v2\/media?parent=87"}],"curies":[{"name":"wp","href":"https:\/\/api.w.org\/{rel}","templated":true}]}}