{"id":71,"date":"2017-08-18T17:22:42","date_gmt":"2017-08-18T15:22:42","guid":{"rendered":"http:\/\/ecolesainteanne.bzh\/?page_id=71"},"modified":"2025-09-24T13:59:26","modified_gmt":"2025-09-24T11:59:26","slug":"infospratiques-inscription","status":"publish","type":"page","link":"https:\/\/ecolesainteanne.bzh\/index.php\/infospratiques-inscription\/","title":{"rendered":"Infos pratiques Inscriptions"},"content":{"rendered":"<p>[et_pb_section fb_built=\u00a0\u00bb1&Prime; admin_label=\u00a0\u00bbsection\u00a0\u00bb _builder_version=\u00a0\u00bb4.16&Prime; global_colors_info=\u00a0\u00bb{}\u00a0\u00bb][et_pb_row admin_label=\u00a0\u00bbrow\u00a0\u00bb _builder_version=\u00a0\u00bb4.16&Prime; background_size=\u00a0\u00bbinitial\u00a0\u00bb background_position=\u00a0\u00bbtop_left\u00a0\u00bb background_repeat=\u00a0\u00bbrepeat\u00a0\u00bb global_colors_info=\u00a0\u00bb{}\u00a0\u00bb][et_pb_column type=\u00a0\u00bb4_4&Prime; _builder_version=\u00a0\u00bb4.16&Prime; custom_padding=\u00a0\u00bb|||\u00a0\u00bb global_colors_info=\u00a0\u00bb{}\u00a0\u00bb custom_padding__hover=\u00a0\u00bb|||\u00a0\u00bb][et_pb_text admin_label=\u00a0\u00bbText\u00a0\u00bb _builder_version=\u00a0\u00bb4.27.0&Prime; background_size=\u00a0\u00bbinitial\u00a0\u00bb background_position=\u00a0\u00bbtop_left\u00a0\u00bb background_repeat=\u00a0\u00bbrepeat\u00a0\u00bb hover_enabled=\u00a0\u00bb0&Prime; global_colors_info=\u00a0\u00bb{}\u00a0\u00bb sticky_enabled=\u00a0\u00bb0&Prime;]<\/p>\n<h2 style=\"text-align: center;\"><span style=\"color: #ff6600;\"><strong>Pour toute demande d&rsquo;inscription ou de renseignement,<br \/><\/strong><strong>n&rsquo;h\u00e9sitez pas \u00e0 nous contacter <\/strong><\/span><br \/><span style=\"color: #ff6600;\"><strong>par t\u00e9l\u00e9phone ou par mail :<\/strong><\/span><\/h2>\n<h3><img loading=\"lazy\" decoding=\"async\" class=\"wp-image-1426  aligncenter\" src=\"https:\/\/ecolesainteanne.bzh\/wp-content\/uploads\/2025\/09\/ENTETE-ECOLE-2020-300x143.jpg\" alt=\"\" width=\"400\" height=\"191\" \/><\/h3>\n<h2>\u00a0<\/h2>\n<h2 style=\"text-align: left;\"><strong>Les documents demand\u00e9s seront :<\/strong><\/h2>\n<ul>\n<li style=\"text-align: left;\">\n<h2>le <span style=\"color: #ff6600;\"><a style=\"color: #ff6600;\" href=\"https:\/\/ecolesainteanne.bzh\/wp-content\/uploads\/2025\/09\/contrat-scolarisationfiche-renseignement-25-26.pdf\" rel=\"attachment wp-att-1369\">contrat scolarisation et fiche renseignement\u00a0<\/a><\/span><\/h2>\n<\/li>\n<li style=\"text-align: left;\">\n<h2>photocopie des vaccins<\/h2>\n<\/li>\n<li style=\"text-align: left;\">\n<h2>une attestation d&rsquo;assurance (individuel accident)<\/h2>\n<\/li>\n<\/ul>\n<h2>Consultez la\u00a0<span style=\"color: #008000;\"><strong> <a style=\"color: #008000;\" href=\"https:\/\/ecolesainteanne.bzh\/wp-content\/uploads\/2025\/09\/NOTE-DE-RENTREE-25-26.pdf\" rel=\"attachment wp-att-1365\">Note de rentr\u00e9e 2025 2026<\/a><\/strong><\/span><\/h2>\n<h2>Consultez le <span style=\"color: #333399;\"><strong><a style=\"color: #333399;\" href=\"https:\/\/ecolesainteanne.bzh\/wp-content\/uploads\/2025\/09\/Reglement-interieur-2025.pdf\" rel=\"attachment wp-att-1370\">R\u00e8glement int\u00e9rieur 2025<\/a><\/strong><\/span><\/h2>\n<h2>Consultez l &lsquo;<span style=\"color: #993300;\"><strong><a style=\"color: #993300;\" href=\"https:\/\/ecolesainteanne.bzh\/wp-content\/uploads\/2025\/09\/INFO-ECOLE-periode-1-2025-2026-1.pdf\" rel=\"attachment wp-att-1389\">INFO ECOLE p\u00e9riode 1\u00a0<\/a><\/strong><\/span><\/h2>\n<p>[\/et_pb_text][\/et_pb_column][\/et_pb_row][\/et_pb_section]<\/p>\n","protected":false},"excerpt":{"rendered":"<p>Pour toute demande d&rsquo;inscription ou de renseignement,n&rsquo;h\u00e9sitez pas \u00e0 nous contacter par t\u00e9l\u00e9phone ou par mail : \u00a0 Les documents demand\u00e9s seront : le contrat scolarisation et fiche renseignement\u00a0 photocopie [&hellip;]<\/p>\n","protected":false},"author":1,"featured_media":0,"parent":0,"menu_order":0,"comment_status":"closed","ping_status":"closed","template":"","meta":{"_et_pb_use_builder":"on","_et_pb_old_content":"<h2 style=\"text-align: center;\"><span style=\"color: #ff6600;\"><strong>Pour toute demande d'inscription ou de renseignement,\r\n<\/strong><strong>n'h\u00e9sitez pas \u00e0 nous contacter <\/strong><\/span>\r\n<span style=\"color: #ff6600;\"><strong>par t\u00e9l\u00e9phone ou par mail :<\/strong><\/span><\/h2>\r\n<h3><img class=\"wp-image-1179 aligncenter\" src=\"https:\/\/ecolesainteanne.bzh\/wp-content\/uploads\/2024\/02\/annee-2023-2024-1-212x300.jpg\" alt=\"\" width=\"386\" height=\"547\" \/><\/h3>\r\n<h2 style=\"text-align: left;\"><strong>Les documents demand\u00e9s seront :<\/strong><\/h2>\r\n<ul>\r\n \t<li style=\"text-align: left;\">\r\n<h2>la <a href=\"https:\/\/ecolesainteanne.bzh\/wp-content\/uploads\/2024\/11\/fiche-de-renseignements.pdf\"><span style=\"color: #ff0000;\">fiche de renseignements<\/span><\/a>\u00a0renseign\u00e9e<\/h2>\r\n<\/li>\r\n \t<li style=\"text-align: left;\">\r\n<h2>le <span style=\"color: #ff0000;\"><a style=\"color: #ff0000;\" href=\"https:\/\/ecolesainteanne.bzh\/wp-content\/uploads\/2024\/11\/contrat-de-scolarisation-2024-2025.pdf\">contrat de scolarisation 2024 2025<\/a><\/span><\/h2>\r\n<\/li>\r\n \t<li style=\"text-align: left;\">\r\n<h2>photocopie des vaccins<\/h2>\r\n<\/li>\r\n \t<li style=\"text-align: left;\">\r\n<h2>une attestation d'assurance (individuel accident)<\/h2>\r\n<\/li>\r\n<\/ul>\r\n<h2><\/h2>\r\n<h2>Voir notre <span style=\"color: #ff0000;\"><a style=\"color: #ff0000;\" href=\"https:\/\/ecolesainteanne.bzh\/wp-content\/uploads\/2024\/11\/NOTE-DE-RENTREE-24-25.pdf\">NOTE DE RENTREE 24 25<\/a><\/span><\/h2>\r\n<h2><\/h2>\r\n\u00a0\r\n\r\n\u00a0\r\n\r\n\u00a0\r\n\r\n\u00a0\r\n\r\n\u00a0\r\n\r\n\u00a0\r\n\r\n\u00a0\r\n\r\n\u00a0\r\n\r\n<a href=\"https:\/\/ecolesainteanne.bzh\/wp-content\/uploads\/2024\/12\/Dossier-de-presentation-Ecole-ste-Anne-ETEL.pdf\">Dossier de pr\u00e9sentation Ecole Ste Anne ETEL 12.12.2024<\/a>\r\n\r\n\u00a0\r\n\r\n\u00a0","_et_gb_content_width":"","footnotes":""},"class_list":["post-71","page","type-page","status-publish","hentry"],"_links":{"self":[{"href":"https:\/\/ecolesainteanne.bzh\/index.php\/wp-json\/wp\/v2\/pages\/71","targetHints":{"allow":["GET"]}}],"collection":[{"href":"https:\/\/ecolesainteanne.bzh\/index.php\/wp-json\/wp\/v2\/pages"}],"about":[{"href":"https:\/\/ecolesainteanne.bzh\/index.php\/wp-json\/wp\/v2\/types\/page"}],"author":[{"embeddable":true,"href":"https:\/\/ecolesainteanne.bzh\/index.php\/wp-json\/wp\/v2\/users\/1"}],"replies":[{"embeddable":true,"href":"https:\/\/ecolesainteanne.bzh\/index.php\/wp-json\/wp\/v2\/comments?post=71"}],"version-history":[{"count":38,"href":"https:\/\/ecolesainteanne.bzh\/index.php\/wp-json\/wp\/v2\/pages\/71\/revisions"}],"predecessor-version":[{"id":1428,"href":"https:\/\/ecolesainteanne.bzh\/index.php\/wp-json\/wp\/v2\/pages\/71\/revisions\/1428"}],"wp:attachment":[{"href":"https:\/\/ecolesainteanne.bzh\/index.php\/wp-json\/wp\/v2\/media?parent=71"}],"curies":[{"name":"wp","href":"https:\/\/api.w.org\/{rel}","templated":true}]}}