{"id":103,"date":"2017-08-18T17:44:41","date_gmt":"2017-08-18T15:44:41","guid":{"rendered":"http:\/\/ecolesainteanne.bzh\/?page_id=103"},"modified":"2025-09-24T14:32:05","modified_gmt":"2025-09-24T12:32:05","slug":"o-g-e-c-a-e-p","status":"publish","type":"page","link":"https:\/\/ecolesainteanne.bzh\/index.php\/o-g-e-c-a-e-p\/","title":{"rendered":"O.G.E.C \/ A.E.P"},"content":{"rendered":"<p>[et_pb_section fb_built=\u00a0\u00bb1&Prime; fullwidth=\u00a0\u00bbon\u00a0\u00bb _builder_version=\u00a0\u00bb4.16&Prime; global_colors_info=\u00a0\u00bb{}\u00a0\u00bb][et_pb_fullwidth_header title=\u00a0\u00bbO.G.E.C \/ A.E.P\u00a0\u00bb content_max_width=\u00a0\u00bbnone\u00a0\u00bb _builder_version=\u00a0\u00bb4.16&Prime; background_color=\u00a0\u00bb#f4bd21&Prime; background_layout=\u00a0\u00bblight\u00a0\u00bb button_one_letter_spacing_hover=\u00a0\u00bb0&Prime; button_two_letter_spacing_hover=\u00a0\u00bb0&Prime; global_colors_info=\u00a0\u00bb{}\u00a0\u00bb button_one_text_size__hover_enabled=\u00a0\u00bboff\u00a0\u00bb button_two_text_size__hover_enabled=\u00a0\u00bboff\u00a0\u00bb button_one_text_color__hover_enabled=\u00a0\u00bboff\u00a0\u00bb button_two_text_color__hover_enabled=\u00a0\u00bboff\u00a0\u00bb button_one_border_width__hover_enabled=\u00a0\u00bboff\u00a0\u00bb button_two_border_width__hover_enabled=\u00a0\u00bboff\u00a0\u00bb button_one_border_color__hover_enabled=\u00a0\u00bboff\u00a0\u00bb button_two_border_color__hover_enabled=\u00a0\u00bboff\u00a0\u00bb button_one_border_radius__hover_enabled=\u00a0\u00bboff\u00a0\u00bb button_two_border_radius__hover_enabled=\u00a0\u00bboff\u00a0\u00bb button_one_letter_spacing__hover_enabled=\u00a0\u00bbon\u00a0\u00bb button_one_letter_spacing__hover=\u00a0\u00bb0&Prime; button_two_letter_spacing__hover_enabled=\u00a0\u00bbon\u00a0\u00bb button_two_letter_spacing__hover=\u00a0\u00bb0&Prime; button_one_bg_color__hover_enabled=\u00a0\u00bboff\u00a0\u00bb button_two_bg_color__hover_enabled=\u00a0\u00bboff\u00a0\u00bb][\/et_pb_fullwidth_header][\/et_pb_section][et_pb_section fb_built=\u00a0\u00bb1&Prime; _builder_version=\u00a0\u00bb4.16&Prime; global_colors_info=\u00a0\u00bb{}\u00a0\u00bb][et_pb_row _builder_version=\u00a0\u00bb4.16&Prime; background_size=\u00a0\u00bbinitial\u00a0\u00bb background_position=\u00a0\u00bbtop_left\u00a0\u00bb background_repeat=\u00a0\u00bbrepeat\u00a0\u00bb global_colors_info=\u00a0\u00bb{}\u00a0\u00bb column_structure=\u00a0\u00bb2_3,1_3&Prime;][et_pb_column type=\u00a0\u00bb2_3&Prime; _builder_version=\u00a0\u00bb4.16&Prime; custom_padding=\u00a0\u00bb|||\u00a0\u00bb global_colors_info=\u00a0\u00bb{}\u00a0\u00bb custom_padding__hover=\u00a0\u00bb|||\u00a0\u00bb][et_pb_text _builder_version=\u00a0\u00bb4.27.0&Prime; hover_enabled=\u00a0\u00bb0&Prime; border_style=\u00a0\u00bbsolid\u00a0\u00bb global_colors_info=\u00a0\u00bb{}\u00a0\u00bb sticky_enabled=\u00a0\u00bb0&Prime;]<\/p>\n<p>L&rsquo;OGEC (Organisme de\u00a0Gestion de l&rsquo;Enseignement\u00a0Catholique)\u00a0est une association, loi 1901 qui a pour objectif <strong>d&rsquo;assurer la gestion de l&rsquo;\u00e9tablissement<\/strong> dans le respect de sa nature et de sa finalit\u00e9.<\/p>\n<h3>R\u00d4LES DE L&rsquo;OGEC<\/h3>\n<p><strong>&#8211; La gestion du personnel <\/strong>(les salari\u00e9s de l\u2019\u00e9cole\u00a0: ASEM et agent de cantine)<\/p>\n<p>&#8211; <strong>La gestion financi\u00e8re de l\u2019\u00e9tablissement <\/strong>(facturation aux familles, budget p\u00e9dagogique, paiement des factures de fonctionnement&#8230;)<\/p>\n<p>&#8211; <strong>La gestion immobili\u00e8re de l\u2019\u00e9tablissement <\/strong>(entretien des locaux, r\u00e9fection). L\u2019OGEC verse un loyer \u00e0 l&rsquo;association propri\u00e9taire des b\u00e2timents (AEP).<\/p>\n<p>[\/et_pb_text][\/et_pb_column][et_pb_column type=\u00a0\u00bb1_3&Prime; _builder_version=\u00a0\u00bb4.16&Prime; custom_padding=\u00a0\u00bb|||\u00a0\u00bb global_colors_info=\u00a0\u00bb{}\u00a0\u00bb custom_padding__hover=\u00a0\u00bb|||\u00a0\u00bb][et_pb_text _builder_version=\u00a0\u00bb4.27.0&Prime; hover_enabled=\u00a0\u00bb0&Prime; border_style=\u00a0\u00bbsolid\u00a0\u00bb global_colors_info=\u00a0\u00bb{}\u00a0\u00bb sticky_enabled=\u00a0\u00bb0&Prime;]<\/p>\n<h3>Le\u00a0bureau de l\u2019OGEC de l&rsquo;\u00e9cole Ste Anne d\u2019Etel\u00a0:<\/h3>\n<p>Pr\u00e9sident : Fr\u00e9d\u00e9ric BLEUZE<br \/>Tr\u00e9sorier: Yolande MORVANT<br \/>Secr\u00e9taire : Magaly LE CARPENTIER<\/p>\n<p>Pr\u00e9sident de l\u2019A.E.P\u00a0: Thierry EZANNO<\/p>\n<p>[\/et_pb_text][\/et_pb_column][\/et_pb_row][\/et_pb_section]<\/p>\n","protected":false},"excerpt":{"rendered":"<p>L&rsquo;OGEC (Organisme de\u00a0Gestion de l&rsquo;Enseignement\u00a0Catholique)\u00a0est une association, loi 1901 qui a pour objectif d&rsquo;assurer la gestion de l&rsquo;\u00e9tablissement dans le respect de sa nature et de sa finalit\u00e9. R\u00d4LES DE [&hellip;]<\/p>\n","protected":false},"author":1,"featured_media":0,"parent":0,"menu_order":0,"comment_status":"closed","ping_status":"closed","template":"","meta":{"_et_pb_use_builder":"on","_et_pb_old_content":"","_et_gb_content_width":"","footnotes":""},"class_list":["post-103","page","type-page","status-publish","hentry"],"_links":{"self":[{"href":"https:\/\/ecolesainteanne.bzh\/index.php\/wp-json\/wp\/v2\/pages\/103","targetHints":{"allow":["GET"]}}],"collection":[{"href":"https:\/\/ecolesainteanne.bzh\/index.php\/wp-json\/wp\/v2\/pages"}],"about":[{"href":"https:\/\/ecolesainteanne.bzh\/index.php\/wp-json\/wp\/v2\/types\/page"}],"author":[{"embeddable":true,"href":"https:\/\/ecolesainteanne.bzh\/index.php\/wp-json\/wp\/v2\/users\/1"}],"replies":[{"embeddable":true,"href":"https:\/\/ecolesainteanne.bzh\/index.php\/wp-json\/wp\/v2\/comments?post=103"}],"version-history":[{"count":7,"href":"https:\/\/ecolesainteanne.bzh\/index.php\/wp-json\/wp\/v2\/pages\/103\/revisions"}],"predecessor-version":[{"id":1461,"href":"https:\/\/ecolesainteanne.bzh\/index.php\/wp-json\/wp\/v2\/pages\/103\/revisions\/1461"}],"wp:attachment":[{"href":"https:\/\/ecolesainteanne.bzh\/index.php\/wp-json\/wp\/v2\/media?parent=103"}],"curies":[{"name":"wp","href":"https:\/\/api.w.org\/{rel}","templated":true}]}}